{"id":557,"date":"2025-11-19T19:51:14","date_gmt":"2025-11-19T19:51:14","guid":{"rendered":"https:\/\/bunkermc.com\/conceptouno\/?page_id=557"},"modified":"2025-11-19T19:59:55","modified_gmt":"2025-11-19T19:59:55","slug":"sin-linea","status":"publish","type":"page","link":"https:\/\/conceptouno.tv\/index.php\/sin-linea\/","title":{"rendered":"sin linea"},"content":{"rendered":"\t\t<div data-elementor-type=\"wp-page\" data-elementor-id=\"557\" class=\"elementor elementor-557\" data-elementor-post-type=\"page\">\n\t\t\t\t\t\t<section class=\"elementor-section elementor-top-section elementor-element elementor-element-51ab59f elementor-section-boxed elementor-section-height-default elementor-section-height-default\" data-id=\"51ab59f\" data-element_type=\"section\">\n\t\t\t\t\t\t<div class=\"elementor-container elementor-column-gap-default\">\n\t\t\t\t\t<div class=\"elementor-column elementor-col-100 elementor-top-column elementor-element elementor-element-2d11ceb\" data-id=\"2d11ceb\" data-element_type=\"column\">\n\t\t\t<div class=\"elementor-widget-wrap elementor-element-populated\">\n\t\t\t\t\t\t<div class=\"elementor-element elementor-element-b039967 elementor-widget elementor-widget-spacer\" data-id=\"b039967\" data-element_type=\"widget\" data-widget_type=\"spacer.default\">\n\t\t<style type=\"text\/css\" id=\"b039967-inline-css\"><\/style>\t\t\t\t\t<div class=\"elementor-spacer\">\n\t\t\t<div class=\"elementor-spacer-inner\"><\/div>\n\t\t<\/div>\n\t\t\t\t\t\t<\/div>\n\t\t\t\t\t<\/div>\n\t\t<\/div>\n\t\t\t\t\t<\/div>\n\t\t<\/section>\n\t\t\t\t<section class=\"elementor-section elementor-top-section elementor-element elementor-element-4b87ae0 elementor-section-boxed elementor-section-height-default elementor-section-height-default\" data-id=\"4b87ae0\" data-element_type=\"section\">\n\t\t\t\t\t\t<div class=\"elementor-container elementor-column-gap-default\">\n\t\t\t\t\t<div class=\"elementor-column elementor-col-50 elementor-top-column elementor-element elementor-element-958cdcd\" data-id=\"958cdcd\" data-element_type=\"column\">\n\t\t\t<div class=\"elementor-widget-wrap elementor-element-populated\">\n\t\t\t\t\t\t<div class=\"elementor-element elementor-element-1b88f4e meta-visibility-show section-title-style-style1 title_position_default title_hover_border_default title-default img_hover_animation_default meta_position_default tpg-is-author-icon-show author-image-visibility-icon tpg-category-position-default readmore-btn-default-style grid-hover-overlay-type-always tpg-el-box-border-enable tpg-border-bottom-disable elementor-widget elementor-widget-tpg-list-layout\" data-id=\"1b88f4e\" data-element_type=\"widget\" data-widget_type=\"tpg-list-layout.default\">\n\t\t<style type=\"text\/css\" id=\"1b88f4e-inline-css\"><\/style>\t\t<div class=\"elementor-widget-container\">\n\t\t\t\t\t\n        <div class=\"rt-container-fluid rt-tpg-container tpg-el-main-wrapper list-layout1-main \"\n             data-sc-id=\"elementor\"\n             id=\"rt-tpg-container-4168569255\"\n             data-layout=\"list-layout1\"\n             data-grid-style=\"tpg-even\"\n             data-el-settings=''\n             data-el-query=''\n             data-el-path=''\n        >\n\t\t\t                <div id=\"bottom-script-loader\" class=\"bottom-script-loader\">\n                    <div class=\"rt-ball-clip-rotate\">\n                        <div><\/div>\n                    <\/div>\n                <\/div>\n\t\t\t\t            <div class='tpg-header-wrapper '>\n\t\t\t\t\n        <div class=\"tpg-widget-heading-wrapper rt-clear heading-style1 \">\n            <span class=\"tpg-widget-heading-line line-left\"><\/span>\n\t\t\t<h2 class='tpg-widget-heading'>\n\t\t\t\n\t\t\t\t                    <span>\n\t\t\t\t\t\tSin L\u00ednea\t\t\t\t\t<\/span>\n\t\t\t\t\t\n\t\t\t\t\t\t\t<\/h2>            <span class=\"tpg-widget-heading-line line-right\"><\/span>\n\n\t\t\t\n        <\/div>\n\n\t\t\n\t\t            <\/div>\n\n            <div data-title=\"Loading ...\" class=\"rt-row rt-content-loader list-layout1 tpg-even list-behaviour list-layout-wrapper\">\n\t\t\t\t\n<div class=\"rt-col-md-12 rt-col-sm-12 rt-col-xs-12 default rt-list-item rt-grid-item\" data-id=\"440\">\n\t<div class=\"rt-holder tpg-post-holder \">\n\t\t<div class=\"rt-detail rt-el-content-wrapper\">\n\t\t\t\t\t\t\t<div class=\"rt-img-holder tpg-el-image-wrap has-thumbnail\">\n\t\t\t\t\t<a data-id=\"440\" href=\"https:\/\/conceptouno.tv\/index.php\/2025\/11\/13\/una-mujer-policia-contra-dos-delincuentes\/\" class=\"tpg-post-link\" target=\"_self\">                        <img fetchpriority=\"high\" decoding=\"async\" src=\"https:\/\/conceptouno.tv\/wp-content\/uploads\/2025\/11\/2025-11-13_00-08-48-768x392.png\"\n                             class=\"rt-img-responsive\"\n                             width=\"768\"\n                             height=\"392\"\n                             alt=\"Una mujer polic\u00eda contra dos delincuentes\">\n\t\t\t\t\t\t\n\t\t\t\t\t\t\t\n\t\t<\/a>\n\t\t        <div class=\"overlay grid-hover-content\"><\/div>\n\t\t\t\t\t\t<\/div>\n\t\t\t\n\t\t\t<div class=\"post-right-content\">\n\t\t\t\t<div class=\"entry-title-wrapper\"><h3 class=\"entry-title\"><a data-id=\"440\" href=\"https:\/\/conceptouno.tv\/index.php\/2025\/11\/13\/una-mujer-policia-contra-dos-delincuentes\/\" class=\"tpg-post-link\" target=\"_self\">Una mujer polic\u00eda contra dos delincuentes<\/a><\/h3><\/div>\n\t\t\t\t\t\t\t\t\t<div class=\"post-meta-tags rt-el-post-meta\">\n\t\t\t\t\t\t            <span class='author '>\n\n\t\t\t\t<i class='flaticon-user '><\/i><span class='author-prefix'>By<\/span><a href=\"https:\/\/conceptouno.tv\/index.php\/author\/cesar\/\">Cesar<\/a>\t\t\t<\/span>\n\t\t\t            <span class='date'>\n\t\t\t\t<i class='flaticon-calendar '><\/i>\t\t\t\t                    <a href=\"https:\/\/conceptouno.tv\/index.php\/2025\/11\/13\/\">\n\t\t\t\t\t13 noviembre, 2025\t\t\t\t<\/a>\n\t\t\t\t\t\t\t<\/span>\n\t\t\t            <span class='categories-links'>\n\t\t\t\t<i class='flaticon-folder '><\/i><a class=\"sin-linea\" href=\"https:\/\/conceptouno.tv\/index.php\/category\/sin-linea\/\">Sin Linea<\/a>\t\t\t<\/span>\n\t\t\t\t\t\t\t\t<\/div>\n\t\t\t\t\n\t\t\t\t\t\t\t\t\t<div class=\"tpg-excerpt tpg-el-excerpt\">\n\t\t\t\t\t\t\t\t\t\t\t\t\t<div class=\"tpg-excerpt-inner\">\n\t\t\t\t\t\t\t\t...\t\t\t\t\t\t\t<\/div>\n\t\t\t\t\t\t\t\t\t\t\t\t\t\t\t\t\t<\/div>\n\t\t\t\t\n\t\t\t\t        <div class=\"post-footer\">\n            <div class=\"post-footer\">\n                <div class=\"read-more\">\n\t\t\t\t\t<a data-id=\"440\" href=\"https:\/\/conceptouno.tv\/index.php\/2025\/11\/13\/una-mujer-policia-contra-dos-delincuentes\/\" class=\"tpg-post-link\" target=\"_self\">Leer m\u00e1s<\/a>                <\/div>\n            <\/div>\n        <\/div>\n\t\t\t\t\t<\/div>\n\t\t<\/div>\n\t<\/div>\n<\/div>\n            <\/div>\n\n\t\t\t\n        <\/div>\n\t\t\t\t\t\t<\/div>\n\t\t\t\t<\/div>\n\t\t\t\t\t<\/div>\n\t\t<\/div>\n\t\t\t\t<div class=\"elementor-column elementor-col-50 elementor-top-column elementor-element elementor-element-b8e3331\" data-id=\"b8e3331\" data-element_type=\"column\">\n\t\t\t<div class=\"elementor-widget-wrap elementor-element-populated\">\n\t\t\t\t\t\t<div class=\"elementor-element elementor-element-a8650fa elementor-widget elementor-widget-image\" data-id=\"a8650fa\" data-element_type=\"widget\" data-widget_type=\"image.default\">\n\t\t<style type=\"text\/css\" id=\"a8650fa-inline-css\"><\/style>\t\t\t\t\t\t\t\t\t\t\t\t\t<img width=\"400\" height=\"400\" data-src=\"https:\/\/conceptouno.tv\/wp-content\/uploads\/2025\/11\/anunciate-aqui-cuadrado.jpg\" class=\"attachment-large size-large wp-image-275\" alt=\"\" srcset=\"https:\/\/conceptouno.tv\/wp-content\/uploads\/2025\/11\/anunciate-aqui-cuadrado.jpg 400w, https:\/\/conceptouno.tv\/wp-content\/uploads\/2025\/11\/anunciate-aqui-cuadrado-300x300.jpg 300w, https:\/\/conceptouno.tv\/wp-content\/uploads\/2025\/11\/anunciate-aqui-cuadrado-150x150.jpg 150w\" sizes=\"(max-width: 400px) 100vw, 400px\" \/>\t\t\t\t\t\t\t\t\t\t\t\t\t\t\t<\/div>\n\t\t\t\t\t<\/div>\n\t\t<\/div>\n\t\t\t\t\t<\/div>\n\t\t<\/section>\n\t\t\t\t<section class=\"elementor-section elementor-top-section elementor-element elementor-element-3babd51 elementor-section-boxed elementor-section-height-default elementor-section-height-default\" data-id=\"3babd51\" data-element_type=\"section\">\n\t\t\t\t\t\t<div class=\"elementor-container elementor-column-gap-default\">\n\t\t\t\t\t<div class=\"elementor-column elementor-col-100 elementor-top-column elementor-element elementor-element-95c9932\" data-id=\"95c9932\" data-element_type=\"column\">\n\t\t\t<div class=\"elementor-widget-wrap elementor-element-populated\">\n\t\t\t\t\t\t<div class=\"elementor-element elementor-element-dcb1bf7 elementor-widget elementor-widget-image\" data-id=\"dcb1bf7\" data-element_type=\"widget\" data-widget_type=\"image.default\">\n\t\t<style type=\"text\/css\" id=\"dcb1bf7-inline-css\"><\/style>\t\t\t\t\t\t\t\t\t\t\t\t\t<img width=\"900\" height=\"125\" data-src=\"https:\/\/conceptouno.tv\/wp-content\/uploads\/2025\/11\/anunciate-aqui-1.jpg\" class=\"attachment-large size-large wp-image-22\" alt=\"\" srcset=\"https:\/\/conceptouno.tv\/wp-content\/uploads\/2025\/11\/anunciate-aqui-1.jpg 900w, https:\/\/conceptouno.tv\/wp-content\/uploads\/2025\/11\/anunciate-aqui-1-300x42.jpg 300w, https:\/\/conceptouno.tv\/wp-content\/uploads\/2025\/11\/anunciate-aqui-1-768x107.jpg 768w\" sizes=\"(max-width: 900px) 100vw, 900px\" \/>\t\t\t\t\t\t\t\t\t\t\t\t\t\t\t<\/div>\n\t\t\t\t\t<\/div>\n\t\t<\/div>\n\t\t\t\t\t<\/div>\n\t\t<\/section>\n\t\t\t\t<\/div>\n\t\t","protected":false},"excerpt":{"rendered":"<p>Sin L\u00ednea Una mujer polic\u00eda contra dos delincuentes ByAdminsitrador 13 noviembre, 2025 Sin Linea &#8230; Leer m\u00e1s<\/p>\n","protected":false},"author":2,"featured_media":0,"parent":0,"menu_order":0,"comment_status":"closed","ping_status":"closed","template":"page-builder.php","meta":{"footnotes":""},"class_list":["post-557","page","type-page","status-publish","hentry"],"yoast_head":"<!-- This site is optimized with the Yoast SEO plugin v27.3 - https:\/\/yoast.com\/product\/yoast-seo-wordpress\/ -->\n<title>sin linea - ConceptoUNO<\/title>\n<meta name=\"robots\" content=\"index, follow, max-snippet:-1, max-image-preview:large, max-video-preview:-1\" \/>\n<link rel=\"canonical\" href=\"https:\/\/conceptouno.tv\/index.php\/sin-linea\/\" \/>\n<meta property=\"og:locale\" content=\"es_MX\" \/>\n<meta property=\"og:type\" content=\"article\" \/>\n<meta property=\"og:title\" content=\"sin linea - ConceptoUNO\" \/>\n<meta property=\"og:description\" content=\"Sin L\u00ednea Una mujer polic\u00eda contra dos delincuentes ByAdminsitrador 13 noviembre, 2025 Sin Linea &#8230; Leer m\u00e1s\" \/>\n<meta property=\"og:url\" content=\"https:\/\/conceptouno.tv\/index.php\/sin-linea\/\" \/>\n<meta property=\"og:site_name\" content=\"ConceptoUNO\" \/>\n<meta property=\"article:modified_time\" content=\"2025-11-19T19:59:55+00:00\" \/>\n<meta property=\"og:image\" content=\"https:\/\/conceptouno.tv\/wp-content\/uploads\/2025\/11\/2025-11-13_00-08-48-768x392.png\" \/>\n<meta name=\"twitter:card\" content=\"summary_large_image\" \/>\n<script type=\"application\/ld+json\" class=\"yoast-schema-graph\">{\"@context\":\"https:\\\/\\\/schema.org\",\"@graph\":[{\"@type\":\"WebPage\",\"@id\":\"https:\\\/\\\/conceptouno.tv\\\/index.php\\\/sin-linea\\\/\",\"url\":\"https:\\\/\\\/conceptouno.tv\\\/index.php\\\/sin-linea\\\/\",\"name\":\"sin linea - ConceptoUNO\",\"isPartOf\":{\"@id\":\"https:\\\/\\\/conceptouno.tv\\\/#website\"},\"primaryImageOfPage\":{\"@id\":\"https:\\\/\\\/conceptouno.tv\\\/index.php\\\/sin-linea\\\/#primaryimage\"},\"image\":{\"@id\":\"https:\\\/\\\/conceptouno.tv\\\/index.php\\\/sin-linea\\\/#primaryimage\"},\"thumbnailUrl\":\"https:\\\/\\\/conceptouno.tv\\\/wp-content\\\/uploads\\\/2025\\\/11\\\/2025-11-13_00-08-48-768x392.png\",\"datePublished\":\"2025-11-19T19:51:14+00:00\",\"dateModified\":\"2025-11-19T19:59:55+00:00\",\"breadcrumb\":{\"@id\":\"https:\\\/\\\/conceptouno.tv\\\/index.php\\\/sin-linea\\\/#breadcrumb\"},\"inLanguage\":\"es\",\"potentialAction\":[{\"@type\":\"ReadAction\",\"target\":[\"https:\\\/\\\/conceptouno.tv\\\/index.php\\\/sin-linea\\\/\"]}]},{\"@type\":\"ImageObject\",\"inLanguage\":\"es\",\"@id\":\"https:\\\/\\\/conceptouno.tv\\\/index.php\\\/sin-linea\\\/#primaryimage\",\"url\":\"https:\\\/\\\/conceptouno.tv\\\/wp-content\\\/uploads\\\/2025\\\/11\\\/2025-11-13_00-08-48.png\",\"contentUrl\":\"https:\\\/\\\/conceptouno.tv\\\/wp-content\\\/uploads\\\/2025\\\/11\\\/2025-11-13_00-08-48.png\",\"width\":810,\"height\":413},{\"@type\":\"BreadcrumbList\",\"@id\":\"https:\\\/\\\/conceptouno.tv\\\/index.php\\\/sin-linea\\\/#breadcrumb\",\"itemListElement\":[{\"@type\":\"ListItem\",\"position\":1,\"name\":\"Inicio\",\"item\":\"https:\\\/\\\/conceptouno.tv\\\/\"},{\"@type\":\"ListItem\",\"position\":2,\"name\":\"sin linea\"}]},{\"@type\":\"WebSite\",\"@id\":\"https:\\\/\\\/conceptouno.tv\\\/#website\",\"url\":\"https:\\\/\\\/conceptouno.tv\\\/\",\"name\":\"ConceptoUNO\",\"description\":\"\",\"publisher\":{\"@id\":\"https:\\\/\\\/conceptouno.tv\\\/#organization\"},\"potentialAction\":[{\"@type\":\"SearchAction\",\"target\":{\"@type\":\"EntryPoint\",\"urlTemplate\":\"https:\\\/\\\/conceptouno.tv\\\/?s={search_term_string}\"},\"query-input\":{\"@type\":\"PropertyValueSpecification\",\"valueRequired\":true,\"valueName\":\"search_term_string\"}}],\"inLanguage\":\"es\"},{\"@type\":\"Organization\",\"@id\":\"https:\\\/\\\/conceptouno.tv\\\/#organization\",\"name\":\"ConceptoUNO\",\"url\":\"https:\\\/\\\/conceptouno.tv\\\/\",\"logo\":{\"@type\":\"ImageObject\",\"inLanguage\":\"es\",\"@id\":\"https:\\\/\\\/conceptouno.tv\\\/#\\\/schema\\\/logo\\\/image\\\/\",\"url\":\"https:\\\/\\\/conceptouno.tv\\\/wp-content\\\/uploads\\\/2025\\\/11\\\/CONCEPTOUNO-PRINCIPAL.jpg\",\"contentUrl\":\"https:\\\/\\\/conceptouno.tv\\\/wp-content\\\/uploads\\\/2025\\\/11\\\/CONCEPTOUNO-PRINCIPAL.jpg\",\"width\":500,\"height\":500,\"caption\":\"ConceptoUNO\"},\"image\":{\"@id\":\"https:\\\/\\\/conceptouno.tv\\\/#\\\/schema\\\/logo\\\/image\\\/\"}}]}<\/script>\n<!-- \/ Yoast SEO plugin. -->","yoast_head_json":{"title":"sin linea - ConceptoUNO","robots":{"index":"index","follow":"follow","max-snippet":"max-snippet:-1","max-image-preview":"max-image-preview:large","max-video-preview":"max-video-preview:-1"},"canonical":"https:\/\/conceptouno.tv\/index.php\/sin-linea\/","og_locale":"es_MX","og_type":"article","og_title":"sin linea - ConceptoUNO","og_description":"Sin L\u00ednea Una mujer polic\u00eda contra dos delincuentes ByAdminsitrador 13 noviembre, 2025 Sin Linea &#8230; Leer m\u00e1s","og_url":"https:\/\/conceptouno.tv\/index.php\/sin-linea\/","og_site_name":"ConceptoUNO","article_modified_time":"2025-11-19T19:59:55+00:00","og_image":[{"url":"https:\/\/conceptouno.tv\/wp-content\/uploads\/2025\/11\/2025-11-13_00-08-48-768x392.png","type":"","width":"","height":""}],"twitter_card":"summary_large_image","schema":{"@context":"https:\/\/schema.org","@graph":[{"@type":"WebPage","@id":"https:\/\/conceptouno.tv\/index.php\/sin-linea\/","url":"https:\/\/conceptouno.tv\/index.php\/sin-linea\/","name":"sin linea - ConceptoUNO","isPartOf":{"@id":"https:\/\/conceptouno.tv\/#website"},"primaryImageOfPage":{"@id":"https:\/\/conceptouno.tv\/index.php\/sin-linea\/#primaryimage"},"image":{"@id":"https:\/\/conceptouno.tv\/index.php\/sin-linea\/#primaryimage"},"thumbnailUrl":"https:\/\/conceptouno.tv\/wp-content\/uploads\/2025\/11\/2025-11-13_00-08-48-768x392.png","datePublished":"2025-11-19T19:51:14+00:00","dateModified":"2025-11-19T19:59:55+00:00","breadcrumb":{"@id":"https:\/\/conceptouno.tv\/index.php\/sin-linea\/#breadcrumb"},"inLanguage":"es","potentialAction":[{"@type":"ReadAction","target":["https:\/\/conceptouno.tv\/index.php\/sin-linea\/"]}]},{"@type":"ImageObject","inLanguage":"es","@id":"https:\/\/conceptouno.tv\/index.php\/sin-linea\/#primaryimage","url":"https:\/\/conceptouno.tv\/wp-content\/uploads\/2025\/11\/2025-11-13_00-08-48.png","contentUrl":"https:\/\/conceptouno.tv\/wp-content\/uploads\/2025\/11\/2025-11-13_00-08-48.png","width":810,"height":413},{"@type":"BreadcrumbList","@id":"https:\/\/conceptouno.tv\/index.php\/sin-linea\/#breadcrumb","itemListElement":[{"@type":"ListItem","position":1,"name":"Inicio","item":"https:\/\/conceptouno.tv\/"},{"@type":"ListItem","position":2,"name":"sin linea"}]},{"@type":"WebSite","@id":"https:\/\/conceptouno.tv\/#website","url":"https:\/\/conceptouno.tv\/","name":"ConceptoUNO","description":"","publisher":{"@id":"https:\/\/conceptouno.tv\/#organization"},"potentialAction":[{"@type":"SearchAction","target":{"@type":"EntryPoint","urlTemplate":"https:\/\/conceptouno.tv\/?s={search_term_string}"},"query-input":{"@type":"PropertyValueSpecification","valueRequired":true,"valueName":"search_term_string"}}],"inLanguage":"es"},{"@type":"Organization","@id":"https:\/\/conceptouno.tv\/#organization","name":"ConceptoUNO","url":"https:\/\/conceptouno.tv\/","logo":{"@type":"ImageObject","inLanguage":"es","@id":"https:\/\/conceptouno.tv\/#\/schema\/logo\/image\/","url":"https:\/\/conceptouno.tv\/wp-content\/uploads\/2025\/11\/CONCEPTOUNO-PRINCIPAL.jpg","contentUrl":"https:\/\/conceptouno.tv\/wp-content\/uploads\/2025\/11\/CONCEPTOUNO-PRINCIPAL.jpg","width":500,"height":500,"caption":"ConceptoUNO"},"image":{"@id":"https:\/\/conceptouno.tv\/#\/schema\/logo\/image\/"}}]}},"rttpg_featured_image_url":null,"rttpg_author":{"display_name":"Cesar","author_link":"https:\/\/conceptouno.tv\/index.php\/author\/cesar\/"},"rttpg_comment":0,"rttpg_category":"","rttpg_excerpt":"Sin L\u00ednea Una mujer polic\u00eda contra dos delincuentes ByAdminsitrador 13 noviembre, 2025 Sin Linea &#8230; Leer m\u00e1s","_links":{"self":[{"href":"https:\/\/conceptouno.tv\/index.php\/wp-json\/wp\/v2\/pages\/557","targetHints":{"allow":["GET"]}}],"collection":[{"href":"https:\/\/conceptouno.tv\/index.php\/wp-json\/wp\/v2\/pages"}],"about":[{"href":"https:\/\/conceptouno.tv\/index.php\/wp-json\/wp\/v2\/types\/page"}],"author":[{"embeddable":true,"href":"https:\/\/conceptouno.tv\/index.php\/wp-json\/wp\/v2\/users\/2"}],"replies":[{"embeddable":true,"href":"https:\/\/conceptouno.tv\/index.php\/wp-json\/wp\/v2\/comments?post=557"}],"version-history":[{"count":10,"href":"https:\/\/conceptouno.tv\/index.php\/wp-json\/wp\/v2\/pages\/557\/revisions"}],"predecessor-version":[{"id":571,"href":"https:\/\/conceptouno.tv\/index.php\/wp-json\/wp\/v2\/pages\/557\/revisions\/571"}],"wp:attachment":[{"href":"https:\/\/conceptouno.tv\/index.php\/wp-json\/wp\/v2\/media?parent=557"}],"curies":[{"name":"wp","href":"https:\/\/api.w.org\/{rel}","templated":true}]}}